{"id":33218,"date":"2025-10-03T16:53:10","date_gmt":"2025-10-03T14:53:10","guid":{"rendered":"https:\/\/alteriade-clients.alwaysdata.net\/appel\/?page_id=33218"},"modified":"2025-10-03T16:53:10","modified_gmt":"2025-10-03T14:53:10","slug":"methode-nutricartes-bases-scientifiques","status":"publish","type":"page","link":"https:\/\/alteriade-clients.alwaysdata.net\/appel\/methode-nutricartes-bases-scientifiques\/","title":{"rendered":"Bases scientifiques"},"content":{"rendered":"\n<ul class=\"wp-block-list\">\n<li><strong>Strat\u00e9gie mondiale pour l\u2019alimentation du nourrisson et du jeune enfant\u00a0<\/strong>\u00a0: 2003 OMS-UNICEF &#8211; publication de 30 pages.<\/li>\n\n\n\n<li><strong>Principes directeurs pour l\u2019alimentation de l\u2019enfant \u00e2g\u00e9s de 6 \u00e0 24 mois qui ne sont pas allait\u00e9s au sein\u00a0<\/strong>\u00a0: 2005 OMS &#8211; publication de 44 pages.<\/li>\n\n\n\n<li><strong>Table de composition nutritionnelle des aliments<\/strong>\u00a0: 2013 ANSES &#8211; table Ciqual https\/\/:pro.anses.fr\/tableciqual<\/li>\n\n\n\n<li><strong>L\u00e0 ou il n\u2019y a pas de docteur (New where there is no doctor)\u00a0<\/strong>hesperian health guides\u00a0; hesperian.org\u00a0: chapitre 31 Page 1-40.<\/li>\n\n\n\n<li><strong>Diversification alimentaire\u00a0: \u00e9volution des concepts et recommandations\u00a0<\/strong>\u00a0: Archives de p\u00e9diatrie 2015 &#8211; 22 :457-460.<\/li>\n\n\n\n<li><strong>D\u00e9pister la d\u00e9nutrition de l\u2019enfant en pratiquez courante<\/strong>\u00a0: Archives de p\u00e9diatrie 2012 &#8211; 19 :1110-1117.<\/li>\n<\/ul>\n\n\n\n<p><strong>Propositions A. Briend&nbsp;:<\/strong><\/p>\n\n\n\n<ul class=\"wp-block-list\">\n<li><a href=\"http:\/\/www.cmamforum.org\/\">http:\/\/www.cmamforum.org<\/a>\u00a0: Traitement de la malnutrition<\/li>\n\n\n\n<li><a href=\"http:\/\/www.ncbi.nlm.nih.gov\/pubmed\/6107547\">http:\/\/www.ncbi.nlm.nih.gov\/pubmed\/6107547<\/a>\u00a0: Suppl\u00e9mentation du lait maternel<\/li>\n\n\n\n<li><a href=\"http:\/\/www.who.int\/maternal_child_adolescent\/documents\/a85622\/en\/\">www.who.int\/maternal_child_adolescent\/documents\/a85622\/en\/<\/a>\u00a0ou fr<\/li>\n\n\n\n<li>http:\/\/ndb.nal.usda.gov\/ndb\/search\u00a0: Composition des aliments<\/li>\n<\/ul>\n\n\n\n<p><strong>Hygi\u00e8ne&nbsp;:<\/strong><\/p>\n\n\n\n<ul class=\"wp-block-list\">\n<li><a href=\"http:\/\/www.wikiwater.fr\/\">www.wikiwater.fr<\/a>\u00a0: traitement de l\u2019eau<\/li>\n\n\n\n<li><a href=\"http:\/\/www.pseau.org\/\">www.pseau.org<\/a>\u00a0\/outils\/ouvrages\u00a0: conservation et traitement de l\u2019eau<\/li>\n\n\n\n<li><a href=\"http:\/\/www.healthlinkbc.ca\/\">www.healthlinkbc.ca<\/a><\/li>\n<\/ul>\n","protected":false},"excerpt":{"rendered":"<p>Propositions A. Briend&nbsp;: Hygi\u00e8ne&nbsp;:<\/p>\n","protected":false},"author":2,"featured_media":0,"parent":0,"menu_order":0,"comment_status":"closed","ping_status":"closed","template":"","meta":{"_acf_changed":false,"footnotes":""},"class_list":["post-33218","page","type-page","status-publish","hentry","entry"],"acf":[],"yoast_head":"<!-- This site is optimized with the Yoast SEO plugin v26.1 - https:\/\/yoast.com\/wordpress\/plugins\/seo\/ -->\n<title>Bases scientifiques de la m\u00e9thode Nutricartes\u00ae<\/title>\n<meta name=\"robots\" content=\"noindex, follow, max-snippet:-1, max-image-preview:large, max-video-preview:-1\" \/>\n<meta property=\"og:locale\" content=\"fr_FR\" \/>\n<meta property=\"og:type\" content=\"article\" \/>\n<meta property=\"og:title\" content=\"Bases scientifiques de la m\u00e9thode Nutricartes\u00ae\" \/>\n<meta property=\"og:description\" content=\"Propositions A. Briend&nbsp;: Hygi\u00e8ne&nbsp;:\" \/>\n<meta property=\"og:url\" content=\"https:\/\/alteriade-clients.alwaysdata.net\/appel\/methode-nutricartes-bases-scientifiques\/\" \/>\n<meta property=\"og:site_name\" content=\"Association humanitaire L&#039;Appel et parrainages d&#039;enfants\" \/>\n<meta name=\"twitter:card\" content=\"summary_large_image\" \/>\n<meta name=\"twitter:label1\" content=\"Dur\u00e9e de lecture estim\u00e9e\" \/>\n\t<meta name=\"twitter:data1\" content=\"1 minute\" \/>\n<script type=\"application\/ld+json\" class=\"yoast-schema-graph\">{\"@context\":\"https:\/\/schema.org\",\"@graph\":[{\"@type\":\"WebPage\",\"@id\":\"https:\/\/alteriade-clients.alwaysdata.net\/appel\/methode-nutricartes-bases-scientifiques\/\",\"url\":\"https:\/\/alteriade-clients.alwaysdata.net\/appel\/methode-nutricartes-bases-scientifiques\/\",\"name\":\"Bases scientifiques de la m\u00e9thode Nutricartes\u00ae\",\"isPartOf\":{\"@id\":\"https:\/\/alteriade-clients.alwaysdata.net\/appel\/#website\"},\"datePublished\":\"2025-10-03T14:53:10+00:00\",\"breadcrumb\":{\"@id\":\"https:\/\/alteriade-clients.alwaysdata.net\/appel\/methode-nutricartes-bases-scientifiques\/#breadcrumb\"},\"inLanguage\":\"fr-FR\",\"potentialAction\":[{\"@type\":\"ReadAction\",\"target\":[\"https:\/\/alteriade-clients.alwaysdata.net\/appel\/methode-nutricartes-bases-scientifiques\/\"]}]},{\"@type\":\"BreadcrumbList\",\"@id\":\"https:\/\/alteriade-clients.alwaysdata.net\/appel\/methode-nutricartes-bases-scientifiques\/#breadcrumb\",\"itemListElement\":[{\"@type\":\"ListItem\",\"position\":1,\"name\":\"Accueil\",\"item\":\"https:\/\/alteriade-clients.alwaysdata.net\/appel\/\"},{\"@type\":\"ListItem\",\"position\":2,\"name\":\"Bases scientifiques\"}]},{\"@type\":\"WebSite\",\"@id\":\"https:\/\/alteriade-clients.alwaysdata.net\/appel\/#website\",\"url\":\"https:\/\/alteriade-clients.alwaysdata.net\/appel\/\",\"name\":\"Association humanitaire l'Appel et parrainages d'enfants\",\"description\":\"Solidarit\u00e9 avec les enfants du monde\",\"publisher\":{\"@id\":\"https:\/\/alteriade-clients.alwaysdata.net\/appel\/#organization\"},\"alternateName\":\"L'Appel\",\"potentialAction\":[{\"@type\":\"SearchAction\",\"target\":{\"@type\":\"EntryPoint\",\"urlTemplate\":\"https:\/\/alteriade-clients.alwaysdata.net\/appel\/?s={search_term_string}\"},\"query-input\":{\"@type\":\"PropertyValueSpecification\",\"valueRequired\":true,\"valueName\":\"search_term_string\"}}],\"inLanguage\":\"fr-FR\"},{\"@type\":\"Organization\",\"@id\":\"https:\/\/alteriade-clients.alwaysdata.net\/appel\/#organization\",\"name\":\"Association humanitaire L'Appel et parrainages d'enfants\",\"url\":\"https:\/\/alteriade-clients.alwaysdata.net\/appel\/\",\"logo\":{\"@type\":\"ImageObject\",\"inLanguage\":\"fr-FR\",\"@id\":\"https:\/\/alteriade-clients.alwaysdata.net\/appel\/#\/schema\/logo\/image\/\",\"url\":\"https:\/\/alteriade-clients.alwaysdata.net\/appel\/wp-content\/uploads\/2020\/09\/Logo-web.png\",\"contentUrl\":\"https:\/\/alteriade-clients.alwaysdata.net\/appel\/wp-content\/uploads\/2020\/09\/Logo-web.png\",\"width\":1834,\"height\":1333,\"caption\":\"Association humanitaire L'Appel et parrainages d'enfants\"},\"image\":{\"@id\":\"https:\/\/alteriade-clients.alwaysdata.net\/appel\/#\/schema\/logo\/image\/\"}}]}<\/script>\n<!-- \/ Yoast SEO plugin. -->","yoast_head_json":{"title":"Bases scientifiques de la m\u00e9thode Nutricartes\u00ae","robots":{"index":"noindex","follow":"follow","max-snippet":"max-snippet:-1","max-image-preview":"max-image-preview:large","max-video-preview":"max-video-preview:-1"},"og_locale":"fr_FR","og_type":"article","og_title":"Bases scientifiques de la m\u00e9thode Nutricartes\u00ae","og_description":"Propositions A. Briend&nbsp;: Hygi\u00e8ne&nbsp;:","og_url":"https:\/\/alteriade-clients.alwaysdata.net\/appel\/methode-nutricartes-bases-scientifiques\/","og_site_name":"Association humanitaire L&#039;Appel et parrainages d&#039;enfants","twitter_card":"summary_large_image","twitter_misc":{"Dur\u00e9e de lecture estim\u00e9e":"1 minute"},"schema":{"@context":"https:\/\/schema.org","@graph":[{"@type":"WebPage","@id":"https:\/\/alteriade-clients.alwaysdata.net\/appel\/methode-nutricartes-bases-scientifiques\/","url":"https:\/\/alteriade-clients.alwaysdata.net\/appel\/methode-nutricartes-bases-scientifiques\/","name":"Bases scientifiques de la m\u00e9thode Nutricartes\u00ae","isPartOf":{"@id":"https:\/\/alteriade-clients.alwaysdata.net\/appel\/#website"},"datePublished":"2025-10-03T14:53:10+00:00","breadcrumb":{"@id":"https:\/\/alteriade-clients.alwaysdata.net\/appel\/methode-nutricartes-bases-scientifiques\/#breadcrumb"},"inLanguage":"fr-FR","potentialAction":[{"@type":"ReadAction","target":["https:\/\/alteriade-clients.alwaysdata.net\/appel\/methode-nutricartes-bases-scientifiques\/"]}]},{"@type":"BreadcrumbList","@id":"https:\/\/alteriade-clients.alwaysdata.net\/appel\/methode-nutricartes-bases-scientifiques\/#breadcrumb","itemListElement":[{"@type":"ListItem","position":1,"name":"Accueil","item":"https:\/\/alteriade-clients.alwaysdata.net\/appel\/"},{"@type":"ListItem","position":2,"name":"Bases scientifiques"}]},{"@type":"WebSite","@id":"https:\/\/alteriade-clients.alwaysdata.net\/appel\/#website","url":"https:\/\/alteriade-clients.alwaysdata.net\/appel\/","name":"Association humanitaire l'Appel et parrainages d'enfants","description":"Solidarit\u00e9 avec les enfants du monde","publisher":{"@id":"https:\/\/alteriade-clients.alwaysdata.net\/appel\/#organization"},"alternateName":"L'Appel","potentialAction":[{"@type":"SearchAction","target":{"@type":"EntryPoint","urlTemplate":"https:\/\/alteriade-clients.alwaysdata.net\/appel\/?s={search_term_string}"},"query-input":{"@type":"PropertyValueSpecification","valueRequired":true,"valueName":"search_term_string"}}],"inLanguage":"fr-FR"},{"@type":"Organization","@id":"https:\/\/alteriade-clients.alwaysdata.net\/appel\/#organization","name":"Association humanitaire L'Appel et parrainages d'enfants","url":"https:\/\/alteriade-clients.alwaysdata.net\/appel\/","logo":{"@type":"ImageObject","inLanguage":"fr-FR","@id":"https:\/\/alteriade-clients.alwaysdata.net\/appel\/#\/schema\/logo\/image\/","url":"https:\/\/alteriade-clients.alwaysdata.net\/appel\/wp-content\/uploads\/2020\/09\/Logo-web.png","contentUrl":"https:\/\/alteriade-clients.alwaysdata.net\/appel\/wp-content\/uploads\/2020\/09\/Logo-web.png","width":1834,"height":1333,"caption":"Association humanitaire L'Appel et parrainages d'enfants"},"image":{"@id":"https:\/\/alteriade-clients.alwaysdata.net\/appel\/#\/schema\/logo\/image\/"}}]}},"_links":{"self":[{"href":"https:\/\/alteriade-clients.alwaysdata.net\/appel\/wp-json\/wp\/v2\/pages\/33218","targetHints":{"allow":["GET"]}}],"collection":[{"href":"https:\/\/alteriade-clients.alwaysdata.net\/appel\/wp-json\/wp\/v2\/pages"}],"about":[{"href":"https:\/\/alteriade-clients.alwaysdata.net\/appel\/wp-json\/wp\/v2\/types\/page"}],"author":[{"embeddable":true,"href":"https:\/\/alteriade-clients.alwaysdata.net\/appel\/wp-json\/wp\/v2\/users\/2"}],"replies":[{"embeddable":true,"href":"https:\/\/alteriade-clients.alwaysdata.net\/appel\/wp-json\/wp\/v2\/comments?post=33218"}],"version-history":[{"count":1,"href":"https:\/\/alteriade-clients.alwaysdata.net\/appel\/wp-json\/wp\/v2\/pages\/33218\/revisions"}],"predecessor-version":[{"id":33219,"href":"https:\/\/alteriade-clients.alwaysdata.net\/appel\/wp-json\/wp\/v2\/pages\/33218\/revisions\/33219"}],"wp:attachment":[{"href":"https:\/\/alteriade-clients.alwaysdata.net\/appel\/wp-json\/wp\/v2\/media?parent=33218"}],"curies":[{"name":"wp","href":"https:\/\/api.w.org\/{rel}","templated":true}]}}