{"id":23199,"date":"2025-06-04T14:54:36","date_gmt":"2025-06-04T12:54:36","guid":{"rendered":"https:\/\/alteriade-clients.alwaysdata.net\/appel\/?page_id=23199"},"modified":"2025-09-29T10:29:01","modified_gmt":"2025-09-29T08:29:01","slug":"developpement-des-bibliotheques","status":"publish","type":"page","link":"https:\/\/alteriade-clients.alwaysdata.net\/appel\/nos-actions\/education\/developpement-des-bibliotheques\/","title":{"rendered":"D\u00e9veloppement des biblioth\u00e8ques"},"content":{"rendered":"\t\t<div data-elementor-type=\"wp-page\" data-elementor-id=\"23199\" class=\"elementor elementor-23199\" data-elementor-post-type=\"page\">\n\t\t\t\t\t\t<header class=\"has_eae_slider elementor-section elementor-top-section elementor-element elementor-element-ee035db elementor-section-full_width elementor-section-height-min-height elementor-section-content-middle elementor-section-height-default elementor-section-items-middle\" data-eae-slider=\"34290\" data-id=\"ee035db\" data-element_type=\"section\" data-settings=\"{&quot;background_background&quot;:&quot;classic&quot;}\">\n\t\t\t\t\t\t\t<div class=\"elementor-background-overlay\"><\/div>\n\t\t\t\t\t\t\t<div class=\"elementor-container elementor-column-gap-default\">\n\t\t\t\t\t<div class=\"has_eae_slider elementor-column elementor-col-100 elementor-top-column elementor-element elementor-element-62b0828\" data-eae-slider=\"31174\" data-id=\"62b0828\" data-element_type=\"column\">\n\t\t\t<div class=\"elementor-widget-wrap elementor-element-populated\">\n\t\t\t\t\t\t<section class=\"has_eae_slider elementor-section elementor-inner-section elementor-element elementor-element-46c19f9 elementor-section-boxed elementor-section-height-default elementor-section-height-default\" data-eae-slider=\"40134\" data-id=\"46c19f9\" data-element_type=\"section\">\n\t\t\t\t\t\t<div class=\"elementor-container elementor-column-gap-default\">\n\t\t\t\t\t<div class=\"has_eae_slider elementor-column elementor-col-100 elementor-inner-column elementor-element elementor-element-db579df\" data-eae-slider=\"32528\" data-id=\"db579df\" data-element_type=\"column\">\n\t\t\t<div class=\"elementor-widget-wrap elementor-element-populated\">\n\t\t\t\t\t\t<div class=\"elementor-element elementor-element-f7ae8ed elementor-widget__width-inherit elementor-widget elementor-widget-heading\" data-id=\"f7ae8ed\" data-element_type=\"widget\" data-widget_type=\"heading.default\">\n\t\t\t\t<div class=\"elementor-widget-container\">\n\t\t\t\t\t<h1 class=\"elementor-heading-title elementor-size-default\">D\u00e9veloppement des biblioth\u00e8ques<\/h1>\t\t\t\t<\/div>\n\t\t\t\t<\/div>\n\t\t\t\t<div class=\"elementor-element elementor-element-5d6cdee elementor-widget elementor-widget-text-editor\" data-id=\"5d6cdee\" data-element_type=\"widget\" data-widget_type=\"text-editor.default\">\n\t\t\t\t<div class=\"elementor-widget-container\">\n\t\t\t\t\t\t\t\t\t<p>Faire un don, parrainer un enfant, porter un projet devenir b\u00e9n\u00e9vole,\u00a0<span style=\"letter-spacing: 0px;\">d\u00e9couvrez toutes les fa\u00e7ons d\u2019\u00eatre pr\u00e9sent pour L\u2019Appel.<\/span><\/p>\t\t\t\t\t\t\t\t<\/div>\n\t\t\t\t<\/div>\n\t\t\t\t\t<\/div>\n\t\t<\/div>\n\t\t\t\t\t<\/div>\n\t\t<\/section>\n\t\t\t\t\t<\/div>\n\t\t<\/div>\n\t\t\t\t\t<\/div>\n\t\t<\/header>\n\t\t\t\t<section class=\"has_eae_slider elementor-section elementor-top-section elementor-element elementor-element-afdcc10 elementor-section-boxed elementor-section-height-default elementor-section-height-default\" data-eae-slider=\"76560\" data-id=\"afdcc10\" data-element_type=\"section\">\n\t\t\t\t\t\t<div class=\"elementor-container elementor-column-gap-default\">\n\t\t\t\t\t<div class=\"has_eae_slider elementor-column elementor-col-100 elementor-top-column elementor-element elementor-element-4b6c594\" data-eae-slider=\"5375\" data-id=\"4b6c594\" data-element_type=\"column\">\n\t\t\t<div class=\"elementor-widget-wrap elementor-element-populated\">\n\t\t\t\t\t\t<section class=\"has_eae_slider elementor-section elementor-inner-section elementor-element elementor-element-d503ca6 elementor-section-boxed elementor-section-height-default elementor-section-height-default\" data-eae-slider=\"16773\" data-id=\"d503ca6\" data-element_type=\"section\">\n\t\t\t\t\t\t<div class=\"elementor-container elementor-column-gap-default\">\n\t\t\t\t\t<div class=\"has_eae_slider elementor-column elementor-col-100 elementor-inner-column elementor-element elementor-element-3ecb594\" data-eae-slider=\"7698\" data-id=\"3ecb594\" data-element_type=\"column\">\n\t\t\t<div class=\"elementor-widget-wrap elementor-element-populated\">\n\t\t\t\t\t\t<div class=\"elementor-element elementor-element-a770da9 elementor-view-default elementor-position-top elementor-mobile-position-top elementor-widget elementor-widget-icon-box\" data-id=\"a770da9\" data-element_type=\"widget\" data-widget_type=\"icon-box.default\">\n\t\t\t\t<div class=\"elementor-widget-container\">\n\t\t\t\t\t\t\t<div class=\"elementor-icon-box-wrapper\">\n\n\t\t\t\t\t\t<div class=\"elementor-icon-box-icon\">\n\t\t\t\t<span  class=\"elementor-icon\">\n\t\t\t\t<i aria-hidden=\"true\" class=\"fas fa-heart\"><\/i>\t\t\t\t<\/span>\n\t\t\t<\/div>\n\t\t\t\n\t\t\t\t\t\t<div class=\"elementor-icon-box-content\">\n\n\t\t\t\t\t\t\t\t\t<h2 class=\"elementor-icon-box-title\">\n\t\t\t\t\t\t<span  >\n\t\t\t\t\t\t\t... pour compl\u00e9ter le travail des \u00e9coles\t\t\t\t\t\t<\/span>\n\t\t\t\t\t<\/h2>\n\t\t\t\t\n\t\t\t\t\t\t\t\t\t<p class=\"elementor-icon-box-description\">\n\t\t\t\t\t\tL\u00e0 o\u00f9 les familles et les \u00e9coles manquent de moyens, les biblioth\u00e8ques et m\u00e9diath\u00e8ques, voire les centres culturels, sont d\u2019autant plus essentiels pour <b>renforcer l\u2019apprentissage et fournir aux enfants un acc\u00e8s \u00e9quitable au savoir<\/b>.  En mettant \u00e0 disposition des ressources \u00e9ducatives vari\u00e9es et en offrant un environnement propice \u00e0 la concentration et \u00e0 la cr\u00e9ativit\u00e9, ces lieux constituent des leviers puissants pour le d\u00e9veloppement global de l\u2019enfant.\t\t\t\t\t<\/p>\n\t\t\t\t\n\t\t\t<\/div>\n\t\t\t\n\t\t<\/div>\n\t\t\t\t\t\t<\/div>\n\t\t\t\t<\/div>\n\t\t\t\t\t<\/div>\n\t\t<\/div>\n\t\t\t\t\t<\/div>\n\t\t<\/section>\n\t\t\t\t\t<\/div>\n\t\t<\/div>\n\t\t\t\t\t<\/div>\n\t\t<\/section>\n\t\t\t\t<section class=\"has_eae_slider elementor-section elementor-top-section elementor-element elementor-element-b7a8bbe animated-slow elementor-section-boxed elementor-section-height-default elementor-section-height-default elementor-invisible\" data-eae-slider=\"29965\" data-id=\"b7a8bbe\" data-element_type=\"section\" data-settings=\"{&quot;animation&quot;:&quot;fadeIn&quot;}\">\n\t\t\t\t\t\t<div class=\"elementor-container elementor-column-gap-default\">\n\t\t\t\t\t<div class=\"has_eae_slider elementor-column elementor-col-100 elementor-top-column elementor-element elementor-element-681d413\" data-eae-slider=\"27909\" data-id=\"681d413\" data-element_type=\"column\">\n\t\t\t<div class=\"elementor-widget-wrap elementor-element-populated\">\n\t\t\t\t\t\t<section class=\"has_eae_slider elementor-section elementor-inner-section elementor-element elementor-element-cd7e382 elementor-section-boxed elementor-section-height-default elementor-section-height-default\" data-eae-slider=\"21470\" data-id=\"cd7e382\" data-element_type=\"section\">\n\t\t\t\t\t\t<div class=\"elementor-container elementor-column-gap-default\">\n\t\t\t\t\t<div class=\"has_eae_slider elementor-column elementor-col-50 elementor-inner-column elementor-element elementor-element-b18cdc2\" data-eae-slider=\"71475\" data-id=\"b18cdc2\" data-element_type=\"column\">\n\t\t\t<div class=\"elementor-widget-wrap elementor-element-populated\">\n\t\t\t\t\t\t<div class=\"elementor-element elementor-element-ffda0d0 e-transform elementor-widget elementor-widget-be-image-box\" data-id=\"ffda0d0\" data-element_type=\"widget\" data-settings=\"{&quot;_transform_scale_effect_hover&quot;:{&quot;unit&quot;:&quot;px&quot;,&quot;size&quot;:1.02,&quot;sizes&quot;:[]},&quot;_transform_scale_effect_hover_tablet&quot;:{&quot;unit&quot;:&quot;px&quot;,&quot;size&quot;:&quot;&quot;,&quot;sizes&quot;:[]},&quot;_transform_scale_effect_hover_mobile&quot;:{&quot;unit&quot;:&quot;px&quot;,&quot;size&quot;:&quot;&quot;,&quot;sizes&quot;:[]}}\" data-widget_type=\"be-image-box.skin-galloway\">\n\t\t\t\t<div class=\"elementor-widget-container\">\n\t\t\t\t\t\t\t\t<div class=\"elementor-image-box elementor-image-box--skin-galloway\">\n\t\t\n\t\t<div class=\"elementor-image-box__image\">\n      <div class=\"elementor-image-box__overlay\"><\/div>\n\t\t\t<img decoding=\"async\" src=\"https:\/\/alteriade-clients.alwaysdata.net\/appel\/wp-content\/uploads\/2025\/07\/bib-fete-20-ans-scaled.jpg\" alt=\"\"\/>\t\t<\/div>\n\n\t\t<div class=\"elementor-image-box__content\">\n\t\t\t<h3 class=\"elementor-image-box__title\"><a href=\"https:\/\/alteriade-clients.alwaysdata.net\/appel\/projet\/bibliotheque-mediatheque-rwanda\/\">Biblioth\u00e8que <br>au Rwanda<\/a><\/h3><a class=\"elementor-image-box__read-more\" href=\"https:\/\/alteriade-clients.alwaysdata.net\/appel\/projet\/bibliotheque-mediatheque-rwanda\/\">> En savoir plus<\/a>\t\t<\/div>\n\n\t\t\t\t\t<\/div>\n\t\t\t\t\t\t<\/div>\n\t\t\t\t<\/div>\n\t\t\t\t\t<\/div>\n\t\t<\/div>\n\t\t\t\t<div class=\"has_eae_slider elementor-column elementor-col-50 elementor-inner-column elementor-element elementor-element-905359b\" data-eae-slider=\"49870\" data-id=\"905359b\" data-element_type=\"column\">\n\t\t\t<div class=\"elementor-widget-wrap elementor-element-populated\">\n\t\t\t\t\t\t<div class=\"elementor-element elementor-element-6ac8a60 e-transform elementor-widget elementor-widget-be-image-box\" data-id=\"6ac8a60\" data-element_type=\"widget\" data-settings=\"{&quot;_transform_scale_effect_hover&quot;:{&quot;unit&quot;:&quot;px&quot;,&quot;size&quot;:1.02,&quot;sizes&quot;:[]},&quot;_transform_scale_effect_hover_tablet&quot;:{&quot;unit&quot;:&quot;px&quot;,&quot;size&quot;:&quot;&quot;,&quot;sizes&quot;:[]},&quot;_transform_scale_effect_hover_mobile&quot;:{&quot;unit&quot;:&quot;px&quot;,&quot;size&quot;:&quot;&quot;,&quot;sizes&quot;:[]}}\" data-widget_type=\"be-image-box.skin-galloway\">\n\t\t\t\t<div class=\"elementor-widget-container\">\n\t\t\t\t\t\t\t\t<div class=\"elementor-image-box elementor-image-box--skin-galloway\">\n\t\t\n\t\t<div class=\"elementor-image-box__image\">\n      <div class=\"elementor-image-box__overlay\"><\/div>\n\t\t\t<img decoding=\"async\" src=\"https:\/\/alteriade-clients.alwaysdata.net\/appel\/wp-content\/uploads\/2025\/07\/Perou2024-Education-bibliotheque-lecture-groupe-d-enfants-4-scaled.jpg\" alt=\"\"\/>\t\t<\/div>\n\n\t\t<div class=\"elementor-image-box__content\">\n\t\t\t<h3 class=\"elementor-image-box__title\"><a href=\"https:\/\/alteriade-clients.alwaysdata.net\/appel\/projet\/accueil-enfants-des-rues-qosqo-maki\/\">Biblioth\u00e8que <br>au P\u00e9rou<\/a><\/h3><a class=\"elementor-image-box__read-more\" href=\"https:\/\/alteriade-clients.alwaysdata.net\/appel\/projet\/accueil-enfants-des-rues-qosqo-maki\/\">> En savoir plus<\/a>\t\t<\/div>\n\n\t\t\t\t\t<\/div>\n\t\t\t\t\t\t<\/div>\n\t\t\t\t<\/div>\n\t\t\t\t\t<\/div>\n\t\t<\/div>\n\t\t\t\t\t<\/div>\n\t\t<\/section>\n\t\t\t\t\t<\/div>\n\t\t<\/div>\n\t\t\t\t\t<\/div>\n\t\t<\/section>\n\t\t\t\t<\/div>\n\t\t","protected":false},"excerpt":{"rendered":"<p>Faire un don, parrainer un enfant, porter un projet devenir b\u00e9n\u00e9vole,\u00a0d\u00e9couvrez toutes les fa\u00e7ons d\u2019\u00eatre pr\u00e9sent pour L\u2019Appel. &#8230; pour compl\u00e9ter le travail des \u00e9coles L\u00e0 o\u00f9 les familles et les \u00e9coles manquent de moyens, les biblioth\u00e8ques et m\u00e9diath\u00e8ques, voire les centres culturels, sont d\u2019autant plus essentiels pour renforcer l\u2019apprentissage et fournir aux enfants un [&hellip;]<\/p>\n","protected":false},"author":1,"featured_media":23836,"parent":22693,"menu_order":0,"comment_status":"closed","ping_status":"closed","template":"elementor_header_footer","meta":{"_acf_changed":false,"footnotes":""},"class_list":["post-23199","page","type-page","status-publish","has-post-thumbnail","hentry","entry"],"acf":[],"yoast_head":"<!-- This site is optimized with the Yoast SEO plugin v26.1 - https:\/\/yoast.com\/wordpress\/plugins\/seo\/ -->\n<title>D\u00e9veloppement des biblioth\u00e8ques - Association humanitaire L&#039;Appel et parrainages d&#039;enfants<\/title>\n<meta name=\"robots\" content=\"noindex, follow, max-snippet:-1, max-image-preview:large, max-video-preview:-1\" \/>\n<meta property=\"og:locale\" content=\"fr_FR\" \/>\n<meta property=\"og:type\" content=\"article\" \/>\n<meta property=\"og:title\" content=\"D\u00e9veloppement des biblioth\u00e8ques - Association humanitaire L&#039;Appel et parrainages d&#039;enfants\" \/>\n<meta property=\"og:description\" content=\"Faire un don, parrainer un enfant, porter un projet devenir b\u00e9n\u00e9vole,\u00a0d\u00e9couvrez toutes les fa\u00e7ons d\u2019\u00eatre pr\u00e9sent pour L\u2019Appel. &#8230; pour compl\u00e9ter le travail des \u00e9coles L\u00e0 o\u00f9 les familles et les \u00e9coles manquent de moyens, les biblioth\u00e8ques et m\u00e9diath\u00e8ques, voire les centres culturels, sont d\u2019autant plus essentiels pour renforcer l\u2019apprentissage et fournir aux enfants un [&hellip;]\" \/>\n<meta property=\"og:url\" content=\"https:\/\/alteriade-clients.alwaysdata.net\/appel\/nos-actions\/education\/developpement-des-bibliotheques\/\" \/>\n<meta property=\"og:site_name\" content=\"Association humanitaire L&#039;Appel et parrainages d&#039;enfants\" \/>\n<meta property=\"article:modified_time\" content=\"2025-09-29T08:29:01+00:00\" \/>\n<meta property=\"og:image\" content=\"https:\/\/alteriade-clients.alwaysdata.net\/appel\/wp-content\/uploads\/2025\/07\/bib-fete-20-ans-scaled.jpg\" \/>\n\t<meta property=\"og:image:width\" content=\"2560\" \/>\n\t<meta property=\"og:image:height\" content=\"1440\" \/>\n\t<meta property=\"og:image:type\" content=\"image\/jpeg\" \/>\n<meta name=\"twitter:card\" content=\"summary_large_image\" \/>\n<meta name=\"twitter:label1\" content=\"Dur\u00e9e de lecture estim\u00e9e\" \/>\n\t<meta name=\"twitter:data1\" content=\"1 minute\" \/>\n<script type=\"application\/ld+json\" class=\"yoast-schema-graph\">{\"@context\":\"https:\/\/schema.org\",\"@graph\":[{\"@type\":\"WebPage\",\"@id\":\"https:\/\/alteriade-clients.alwaysdata.net\/appel\/nos-actions\/education\/developpement-des-bibliotheques\/\",\"url\":\"https:\/\/alteriade-clients.alwaysdata.net\/appel\/nos-actions\/education\/developpement-des-bibliotheques\/\",\"name\":\"D\u00e9veloppement des biblioth\u00e8ques - Association humanitaire L&#039;Appel et parrainages d&#039;enfants\",\"isPartOf\":{\"@id\":\"https:\/\/alteriade-clients.alwaysdata.net\/appel\/#website\"},\"primaryImageOfPage\":{\"@id\":\"https:\/\/alteriade-clients.alwaysdata.net\/appel\/nos-actions\/education\/developpement-des-bibliotheques\/#primaryimage\"},\"image\":{\"@id\":\"https:\/\/alteriade-clients.alwaysdata.net\/appel\/nos-actions\/education\/developpement-des-bibliotheques\/#primaryimage\"},\"thumbnailUrl\":\"https:\/\/alteriade-clients.alwaysdata.net\/appel\/wp-content\/uploads\/2025\/07\/bib-fete-20-ans-scaled.jpg\",\"datePublished\":\"2025-06-04T12:54:36+00:00\",\"dateModified\":\"2025-09-29T08:29:01+00:00\",\"breadcrumb\":{\"@id\":\"https:\/\/alteriade-clients.alwaysdata.net\/appel\/nos-actions\/education\/developpement-des-bibliotheques\/#breadcrumb\"},\"inLanguage\":\"fr-FR\",\"potentialAction\":[{\"@type\":\"ReadAction\",\"target\":[\"https:\/\/alteriade-clients.alwaysdata.net\/appel\/nos-actions\/education\/developpement-des-bibliotheques\/\"]}]},{\"@type\":\"ImageObject\",\"inLanguage\":\"fr-FR\",\"@id\":\"https:\/\/alteriade-clients.alwaysdata.net\/appel\/nos-actions\/education\/developpement-des-bibliotheques\/#primaryimage\",\"url\":\"https:\/\/alteriade-clients.alwaysdata.net\/appel\/wp-content\/uploads\/2025\/07\/bib-fete-20-ans-scaled.jpg\",\"contentUrl\":\"https:\/\/alteriade-clients.alwaysdata.net\/appel\/wp-content\/uploads\/2025\/07\/bib-fete-20-ans-scaled.jpg\",\"width\":2560,\"height\":1440,\"caption\":\"rwanda-bibliotheque-education-byumba\"},{\"@type\":\"BreadcrumbList\",\"@id\":\"https:\/\/alteriade-clients.alwaysdata.net\/appel\/nos-actions\/education\/developpement-des-bibliotheques\/#breadcrumb\",\"itemListElement\":[{\"@type\":\"ListItem\",\"position\":1,\"name\":\"Accueil\",\"item\":\"https:\/\/alteriade-clients.alwaysdata.net\/appel\/\"},{\"@type\":\"ListItem\",\"position\":2,\"name\":\"Nos actions\",\"item\":\"https:\/\/alteriade-clients.alwaysdata.net\/appel\/nos-actions\/\"},{\"@type\":\"ListItem\",\"position\":3,\"name\":\"Scolarisation et \u00e9ducation\",\"item\":\"https:\/\/alteriade-clients.alwaysdata.net\/appel\/nos-actions\/education\/\"},{\"@type\":\"ListItem\",\"position\":4,\"name\":\"D\u00e9veloppement des biblioth\u00e8ques\"}]},{\"@type\":\"WebSite\",\"@id\":\"https:\/\/alteriade-clients.alwaysdata.net\/appel\/#website\",\"url\":\"https:\/\/alteriade-clients.alwaysdata.net\/appel\/\",\"name\":\"Association humanitaire l'Appel et parrainages d'enfants\",\"description\":\"Solidarit\u00e9 avec les enfants du monde\",\"publisher\":{\"@id\":\"https:\/\/alteriade-clients.alwaysdata.net\/appel\/#organization\"},\"alternateName\":\"L'Appel\",\"potentialAction\":[{\"@type\":\"SearchAction\",\"target\":{\"@type\":\"EntryPoint\",\"urlTemplate\":\"https:\/\/alteriade-clients.alwaysdata.net\/appel\/?s={search_term_string}\"},\"query-input\":{\"@type\":\"PropertyValueSpecification\",\"valueRequired\":true,\"valueName\":\"search_term_string\"}}],\"inLanguage\":\"fr-FR\"},{\"@type\":\"Organization\",\"@id\":\"https:\/\/alteriade-clients.alwaysdata.net\/appel\/#organization\",\"name\":\"Association humanitaire L'Appel et parrainages d'enfants\",\"url\":\"https:\/\/alteriade-clients.alwaysdata.net\/appel\/\",\"logo\":{\"@type\":\"ImageObject\",\"inLanguage\":\"fr-FR\",\"@id\":\"https:\/\/alteriade-clients.alwaysdata.net\/appel\/#\/schema\/logo\/image\/\",\"url\":\"https:\/\/alteriade-clients.alwaysdata.net\/appel\/wp-content\/uploads\/2020\/09\/Logo-web.png\",\"contentUrl\":\"https:\/\/alteriade-clients.alwaysdata.net\/appel\/wp-content\/uploads\/2020\/09\/Logo-web.png\",\"width\":1834,\"height\":1333,\"caption\":\"Association humanitaire L'Appel et parrainages d'enfants\"},\"image\":{\"@id\":\"https:\/\/alteriade-clients.alwaysdata.net\/appel\/#\/schema\/logo\/image\/\"}}]}<\/script>\n<!-- \/ Yoast SEO plugin. -->","yoast_head_json":{"title":"D\u00e9veloppement des biblioth\u00e8ques - Association humanitaire L&#039;Appel et parrainages d&#039;enfants","robots":{"index":"noindex","follow":"follow","max-snippet":"max-snippet:-1","max-image-preview":"max-image-preview:large","max-video-preview":"max-video-preview:-1"},"og_locale":"fr_FR","og_type":"article","og_title":"D\u00e9veloppement des biblioth\u00e8ques - Association humanitaire L&#039;Appel et parrainages d&#039;enfants","og_description":"Faire un don, parrainer un enfant, porter un projet devenir b\u00e9n\u00e9vole,\u00a0d\u00e9couvrez toutes les fa\u00e7ons d\u2019\u00eatre pr\u00e9sent pour L\u2019Appel. &#8230; pour compl\u00e9ter le travail des \u00e9coles L\u00e0 o\u00f9 les familles et les \u00e9coles manquent de moyens, les biblioth\u00e8ques et m\u00e9diath\u00e8ques, voire les centres culturels, sont d\u2019autant plus essentiels pour renforcer l\u2019apprentissage et fournir aux enfants un [&hellip;]","og_url":"https:\/\/alteriade-clients.alwaysdata.net\/appel\/nos-actions\/education\/developpement-des-bibliotheques\/","og_site_name":"Association humanitaire L&#039;Appel et parrainages d&#039;enfants","article_modified_time":"2025-09-29T08:29:01+00:00","og_image":[{"width":2560,"height":1440,"url":"https:\/\/alteriade-clients.alwaysdata.net\/appel\/wp-content\/uploads\/2025\/07\/bib-fete-20-ans-scaled.jpg","type":"image\/jpeg"}],"twitter_card":"summary_large_image","twitter_misc":{"Dur\u00e9e de lecture estim\u00e9e":"1 minute"},"schema":{"@context":"https:\/\/schema.org","@graph":[{"@type":"WebPage","@id":"https:\/\/alteriade-clients.alwaysdata.net\/appel\/nos-actions\/education\/developpement-des-bibliotheques\/","url":"https:\/\/alteriade-clients.alwaysdata.net\/appel\/nos-actions\/education\/developpement-des-bibliotheques\/","name":"D\u00e9veloppement des biblioth\u00e8ques - Association humanitaire L&#039;Appel et parrainages d&#039;enfants","isPartOf":{"@id":"https:\/\/alteriade-clients.alwaysdata.net\/appel\/#website"},"primaryImageOfPage":{"@id":"https:\/\/alteriade-clients.alwaysdata.net\/appel\/nos-actions\/education\/developpement-des-bibliotheques\/#primaryimage"},"image":{"@id":"https:\/\/alteriade-clients.alwaysdata.net\/appel\/nos-actions\/education\/developpement-des-bibliotheques\/#primaryimage"},"thumbnailUrl":"https:\/\/alteriade-clients.alwaysdata.net\/appel\/wp-content\/uploads\/2025\/07\/bib-fete-20-ans-scaled.jpg","datePublished":"2025-06-04T12:54:36+00:00","dateModified":"2025-09-29T08:29:01+00:00","breadcrumb":{"@id":"https:\/\/alteriade-clients.alwaysdata.net\/appel\/nos-actions\/education\/developpement-des-bibliotheques\/#breadcrumb"},"inLanguage":"fr-FR","potentialAction":[{"@type":"ReadAction","target":["https:\/\/alteriade-clients.alwaysdata.net\/appel\/nos-actions\/education\/developpement-des-bibliotheques\/"]}]},{"@type":"ImageObject","inLanguage":"fr-FR","@id":"https:\/\/alteriade-clients.alwaysdata.net\/appel\/nos-actions\/education\/developpement-des-bibliotheques\/#primaryimage","url":"https:\/\/alteriade-clients.alwaysdata.net\/appel\/wp-content\/uploads\/2025\/07\/bib-fete-20-ans-scaled.jpg","contentUrl":"https:\/\/alteriade-clients.alwaysdata.net\/appel\/wp-content\/uploads\/2025\/07\/bib-fete-20-ans-scaled.jpg","width":2560,"height":1440,"caption":"rwanda-bibliotheque-education-byumba"},{"@type":"BreadcrumbList","@id":"https:\/\/alteriade-clients.alwaysdata.net\/appel\/nos-actions\/education\/developpement-des-bibliotheques\/#breadcrumb","itemListElement":[{"@type":"ListItem","position":1,"name":"Accueil","item":"https:\/\/alteriade-clients.alwaysdata.net\/appel\/"},{"@type":"ListItem","position":2,"name":"Nos actions","item":"https:\/\/alteriade-clients.alwaysdata.net\/appel\/nos-actions\/"},{"@type":"ListItem","position":3,"name":"Scolarisation et \u00e9ducation","item":"https:\/\/alteriade-clients.alwaysdata.net\/appel\/nos-actions\/education\/"},{"@type":"ListItem","position":4,"name":"D\u00e9veloppement des biblioth\u00e8ques"}]},{"@type":"WebSite","@id":"https:\/\/alteriade-clients.alwaysdata.net\/appel\/#website","url":"https:\/\/alteriade-clients.alwaysdata.net\/appel\/","name":"Association humanitaire l'Appel et parrainages d'enfants","description":"Solidarit\u00e9 avec les enfants du monde","publisher":{"@id":"https:\/\/alteriade-clients.alwaysdata.net\/appel\/#organization"},"alternateName":"L'Appel","potentialAction":[{"@type":"SearchAction","target":{"@type":"EntryPoint","urlTemplate":"https:\/\/alteriade-clients.alwaysdata.net\/appel\/?s={search_term_string}"},"query-input":{"@type":"PropertyValueSpecification","valueRequired":true,"valueName":"search_term_string"}}],"inLanguage":"fr-FR"},{"@type":"Organization","@id":"https:\/\/alteriade-clients.alwaysdata.net\/appel\/#organization","name":"Association humanitaire L'Appel et parrainages d'enfants","url":"https:\/\/alteriade-clients.alwaysdata.net\/appel\/","logo":{"@type":"ImageObject","inLanguage":"fr-FR","@id":"https:\/\/alteriade-clients.alwaysdata.net\/appel\/#\/schema\/logo\/image\/","url":"https:\/\/alteriade-clients.alwaysdata.net\/appel\/wp-content\/uploads\/2020\/09\/Logo-web.png","contentUrl":"https:\/\/alteriade-clients.alwaysdata.net\/appel\/wp-content\/uploads\/2020\/09\/Logo-web.png","width":1834,"height":1333,"caption":"Association humanitaire L'Appel et parrainages d'enfants"},"image":{"@id":"https:\/\/alteriade-clients.alwaysdata.net\/appel\/#\/schema\/logo\/image\/"}}]}},"_links":{"self":[{"href":"https:\/\/alteriade-clients.alwaysdata.net\/appel\/wp-json\/wp\/v2\/pages\/23199","targetHints":{"allow":["GET"]}}],"collection":[{"href":"https:\/\/alteriade-clients.alwaysdata.net\/appel\/wp-json\/wp\/v2\/pages"}],"about":[{"href":"https:\/\/alteriade-clients.alwaysdata.net\/appel\/wp-json\/wp\/v2\/types\/page"}],"author":[{"embeddable":true,"href":"https:\/\/alteriade-clients.alwaysdata.net\/appel\/wp-json\/wp\/v2\/users\/1"}],"replies":[{"embeddable":true,"href":"https:\/\/alteriade-clients.alwaysdata.net\/appel\/wp-json\/wp\/v2\/comments?post=23199"}],"version-history":[{"count":43,"href":"https:\/\/alteriade-clients.alwaysdata.net\/appel\/wp-json\/wp\/v2\/pages\/23199\/revisions"}],"predecessor-version":[{"id":32595,"href":"https:\/\/alteriade-clients.alwaysdata.net\/appel\/wp-json\/wp\/v2\/pages\/23199\/revisions\/32595"}],"up":[{"embeddable":true,"href":"https:\/\/alteriade-clients.alwaysdata.net\/appel\/wp-json\/wp\/v2\/pages\/22693"}],"wp:featuredmedia":[{"embeddable":true,"href":"https:\/\/alteriade-clients.alwaysdata.net\/appel\/wp-json\/wp\/v2\/media\/23836"}],"wp:attachment":[{"href":"https:\/\/alteriade-clients.alwaysdata.net\/appel\/wp-json\/wp\/v2\/media?parent=23199"}],"curies":[{"name":"wp","href":"https:\/\/api.w.org\/{rel}","templated":true}]}}