{"id":22601,"date":"2025-05-20T16:01:22","date_gmt":"2025-05-20T15:01:22","guid":{"rendered":"https:\/\/alteriade-clients.alwaysdata.net\/appel\/?page_id=22601"},"modified":"2025-09-29T15:30:11","modified_gmt":"2025-09-29T13:30:11","slug":"plan-du-site","status":"publish","type":"page","link":"https:\/\/alteriade-clients.alwaysdata.net\/appel\/plan-du-site\/","title":{"rendered":"Plan du site"},"content":{"rendered":"\t\t<div data-elementor-type=\"wp-page\" data-elementor-id=\"22601\" class=\"elementor elementor-22601\" data-elementor-post-type=\"page\">\n\t\t\t\t<div class=\"has_eae_slider elementor-element elementor-element-452ec435 e-flex e-con-boxed e-con e-parent\" data-eae-slider=\"75977\" data-id=\"452ec435\" data-element_type=\"container\">\n\t\t\t\t\t<div class=\"e-con-inner\">\n\t\t\t\t<div class=\"elementor-element elementor-element-a8c31a4 elementor-widget elementor-widget-heading\" data-id=\"a8c31a4\" data-element_type=\"widget\" data-widget_type=\"heading.default\">\n\t\t\t\t<div class=\"elementor-widget-container\">\n\t\t\t\t\t<h1 class=\"elementor-heading-title elementor-size-default\">Plan du site<\/h1>\t\t\t\t<\/div>\n\t\t\t\t<\/div>\n\t\t\t\t<div class=\"elementor-element elementor-element-28eb2dbf elementor-widget elementor-widget-text-editor\" data-id=\"28eb2dbf\" data-element_type=\"widget\" data-widget_type=\"text-editor.default\">\n\t\t\t\t<div class=\"elementor-widget-container\">\n\t\t\t\t\t\t\t\t\t<div class=\"wsp-container\">\n<h2 class=\"wsp-pages-title\">Pages<\/h2>\n<ul class=\"wsp-pages-list\">\n<li class=\"page_item page-item-22593\"><a href=\"https:\/\/alteriade-clients.alwaysdata.net\/appel\/\">Accueil<\/a><\/li>\n<li class=\"page_item page-item-23393 current_page_parent\"><a href=\"https:\/\/alteriade-clients.alwaysdata.net\/appel\/actualites\/\">Actualit\u00e9s<\/a><\/li>\n<li class=\"page_item page-item-22747 page_item_has_children\"><a href=\"https:\/\/alteriade-clients.alwaysdata.net\/appel\/agir-a-nos-cotes\/\">Agir \u00e0 nos c\u00f4t\u00e9s<\/a>\n<ul class='children'>\n<li class=\"page_item page-item-23231\"><a href=\"https:\/\/alteriade-clients.alwaysdata.net\/appel\/agir-a-nos-cotes\/benevole-association\/\">Devenir b\u00e9n\u00e9vole<\/a><\/li>\n<li class=\"page_item page-item-23233\"><a href=\"https:\/\/alteriade-clients.alwaysdata.net\/appel\/agir-a-nos-cotes\/devenir-partenaire\/\">Devenir partenaire<\/a><\/li>\n<li class=\"page_item page-item-23235\"><a href=\"https:\/\/alteriade-clients.alwaysdata.net\/appel\/agir-a-nos-cotes\/faq\/\">FAQ<\/a><\/li>\n<li class=\"page_item page-item-23223\"><a href=\"https:\/\/alteriade-clients.alwaysdata.net\/appel\/agir-a-nos-cotes\/legs-assurances-vie\/\">Legs et assurances-vie<\/a><\/li>\n<\/ul>\n<\/li>\n<li class=\"page_item page-item-33218\"><a href=\"https:\/\/alteriade-clients.alwaysdata.net\/appel\/methode-nutricartes-bases-scientifiques\/\">Bases scientifiques<\/a><\/li>\n<li class=\"page_item page-item-24171\"><a href=\"https:\/\/alteriade-clients.alwaysdata.net\/appel\/cantines_scolaire\/\">Cantines<\/a><\/li>\n<li class=\"page_item page-item-23362\"><a href=\"https:\/\/alteriade-clients.alwaysdata.net\/appel\/contact\/\">Contact<\/a><\/li>\n<li class=\"page_item page-item-33260\"><a href=\"https:\/\/alteriade-clients.alwaysdata.net\/appel\/home-page\/\">Home<\/a><\/li>\n<li class=\"page_item page-item-33202\"><a href=\"https:\/\/alteriade-clients.alwaysdata.net\/appel\/mentions-legales\/\">Mentions l\u00e9gales<\/a><\/li>\n<li class=\"page_item page-item-22683 page_item_has_children\"><a href=\"https:\/\/alteriade-clients.alwaysdata.net\/appel\/nos-actions\/\">Nos actions<\/a>\n<ul class='children'>\n<li class=\"page_item page-item-25021\"><a href=\"https:\/\/alteriade-clients.alwaysdata.net\/appel\/nos-actions\/autonomie-financiere-et-insertion-professionnelle\/\">Autonomisation financi\u00e8re et insertion professionnelle<\/a><\/li>\n<li class=\"page_item page-item-23179\"><a href=\"https:\/\/alteriade-clients.alwaysdata.net\/appel\/nos-actions\/eau-assainissement\/\">Eau propre et assainissement<\/a><\/li>\n<li class=\"page_item page-item-22695\"><a href=\"https:\/\/alteriade-clients.alwaysdata.net\/appel\/nos-actions\/habitat-amelioration-conditions-vie\/\">Habitat et conditions de vie<\/a><\/li>\n<li class=\"page_item page-item-23153\"><a href=\"https:\/\/alteriade-clients.alwaysdata.net\/appel\/nos-actions\/malnutrition-infantile\/\">Malnutrition infantile<\/a><\/li>\n<li class=\"page_item page-item-22685\"><a href=\"https:\/\/alteriade-clients.alwaysdata.net\/appel\/nos-actions\/sante\/\">Sant\u00e9 et hygi\u00e8ne<\/a><\/li>\n<li class=\"page_item page-item-22693 page_item_has_children\"><a href=\"https:\/\/alteriade-clients.alwaysdata.net\/appel\/nos-actions\/education\/\">Scolarisation et \u00e9ducation<\/a>\n<ul class='children'>\n<li class=\"page_item page-item-24100\"><a href=\"https:\/\/alteriade-clients.alwaysdata.net\/appel\/nos-actions\/education\/ameliorer-la-qualite-de-leducation\/\">Am\u00e9liorer la qualit\u00e9 de l&rsquo;\u00e9ducation<\/a><\/li>\n<li class=\"page_item page-item-23191\"><a href=\"https:\/\/alteriade-clients.alwaysdata.net\/appel\/nos-actions\/education\/scolarisation\/\">Augmenter la scolarisation<\/a><\/li>\n<li class=\"page_item page-item-23199\"><a href=\"https:\/\/alteriade-clients.alwaysdata.net\/appel\/nos-actions\/education\/developpement-des-bibliotheques\/\">D\u00e9veloppement des biblioth\u00e8ques<\/a><\/li>\n<\/ul>\n<\/li>\n<\/ul>\n<\/li>\n<li class=\"page_item page-item-25333 page_item_has_children\"><a href=\"https:\/\/alteriade-clients.alwaysdata.net\/appel\/pays-intervention\/\">Nos pays d&rsquo;intervention<\/a>\n<ul class='children'>\n<li class=\"page_item page-item-25361\"><a href=\"https:\/\/alteriade-clients.alwaysdata.net\/appel\/pays-intervention\/burkina-faso\/\">Burkina Faso<\/a><\/li>\n<li class=\"page_item page-item-25442\"><a href=\"https:\/\/alteriade-clients.alwaysdata.net\/appel\/pays-intervention\/congo-brazzaville\/\">Congo<\/a><\/li>\n<li class=\"page_item page-item-25370\"><a href=\"https:\/\/alteriade-clients.alwaysdata.net\/appel\/pays-intervention\/haiti\/\">Ha\u00efti<\/a><\/li>\n<li class=\"page_item page-item-25387\"><a href=\"https:\/\/alteriade-clients.alwaysdata.net\/appel\/pays-intervention\/madagascar\/\">Madagascar<\/a><\/li>\n<li class=\"page_item page-item-25392\"><a href=\"https:\/\/alteriade-clients.alwaysdata.net\/appel\/pays-intervention\/perou\/\">P\u00e9rou<\/a><\/li>\n<li class=\"page_item page-item-25450\"><a href=\"https:\/\/alteriade-clients.alwaysdata.net\/appel\/pays-intervention\/rwanda\/\">Rwanda<\/a><\/li>\n<li class=\"page_item page-item-25381\"><a href=\"https:\/\/alteriade-clients.alwaysdata.net\/appel\/pays-intervention\/salvador\/\">Salvador<\/a><\/li>\n<li class=\"page_item page-item-25459\"><a href=\"https:\/\/alteriade-clients.alwaysdata.net\/appel\/pays-intervention\/tchad\/\">Tchad<\/a><\/li>\n<li class=\"page_item page-item-25467\"><a href=\"https:\/\/alteriade-clients.alwaysdata.net\/appel\/pays-intervention\/togo\/\">Togo<\/a><\/li>\n<li class=\"page_item page-item-25472\"><a href=\"https:\/\/alteriade-clients.alwaysdata.net\/appel\/pays-intervention\/vietnam\/\">Vietnam<\/a><\/li>\n<\/ul>\n<\/li>\n<li class=\"page_item page-item-22601\"><a href=\"https:\/\/alteriade-clients.alwaysdata.net\/appel\/plan-du-site\/\">Plan du site<\/a><\/li>\n<li class=\"page_item page-item-32655\"><a href=\"https:\/\/alteriade-clients.alwaysdata.net\/appel\/politique-de-confidentialite\/\">Politique de confidentialit\u00e9<\/a><\/li>\n<li class=\"page_item page-item-33764\"><a href=\"https:\/\/alteriade-clients.alwaysdata.net\/appel\/uk-will-have-school-lesson\/\">Politique de cookies (UE)<\/a><\/li>\n<li class=\"page_item page-item-23133 page_item_has_children\"><a href=\"https:\/\/alteriade-clients.alwaysdata.net\/appel\/qui-sommes-nous\/\">Qui sommes-nous ?<\/a>\n<ul class='children'>\n<li class=\"page_item page-item-23143\"><a href=\"https:\/\/alteriade-clients.alwaysdata.net\/appel\/qui-sommes-nous\/journal-de-lappel\/\">Journal de L&rsquo;Appel<\/a><\/li>\n<li class=\"page_item page-item-23147\"><a href=\"https:\/\/alteriade-clients.alwaysdata.net\/appel\/qui-sommes-nous\/nos-partenaires-locaux\/\">Nos partenaires<\/a><\/li>\n<li class=\"page_item page-item-23135\"><a href=\"https:\/\/alteriade-clients.alwaysdata.net\/appel\/qui-sommes-nous\/notre-engagement\/\">Notre engagement<\/a><\/li>\n<li class=\"page_item page-item-23141\"><a href=\"https:\/\/alteriade-clients.alwaysdata.net\/appel\/qui-sommes-nous\/notre-equipe\/\">Notre \u00e9quipe<\/a><\/li>\n<li class=\"page_item page-item-23139\"><a href=\"https:\/\/alteriade-clients.alwaysdata.net\/appel\/qui-sommes-nous\/notre-histoire\/\">Notre histoire<\/a><\/li>\n<li class=\"page_item page-item-23145\"><a href=\"https:\/\/alteriade-clients.alwaysdata.net\/appel\/qui-sommes-nous\/transparence\/\">Transparence financi\u00e8re<\/a><\/li>\n<\/ul>\n<\/li>\n<\/ul>\n<h2 class=\"wsp-posts-title\">Articles par cat\u00e9gorie<\/h2>\n<ul class=\"wsp-posts-list\">\n<li><strong class=\"wsp-category-title\">Cat\u00e9gorie\u00a0: <a href=\"https:\/\/alteriade-clients.alwaysdata.net\/appel\/category\/activity\/\">Conditions de vie<\/a><\/strong>\n<ul class=\"wsp-posts-list\">\n<li class=\"wsp-post\"><a href=\"https:\/\/alteriade-clients.alwaysdata.net\/appel\/dossier-eau-techniques\/\">Faire venir l&rsquo;eau, comment \u00e7a marche ?<\/a><\/li>\n<li class=\"wsp-post\"><a href=\"https:\/\/alteriade-clients.alwaysdata.net\/appel\/dossier-eau-histoire\/\">Depuis la cr\u00e9ation de L&rsquo;Appel, l&rsquo;eau est au c\u0153ur de notre activit\u00e9<\/a><\/li>\n<li class=\"wsp-post\"><a href=\"https:\/\/alteriade-clients.alwaysdata.net\/appel\/karma-histoire\/\">Karma, 23 ans de d\u00e9veloppements vertueux<\/a><\/li>\n<\/ul>\n<\/li>\n<li><strong class=\"wsp-category-title\">Cat\u00e9gorie\u00a0: <a href=\"https:\/\/alteriade-clients.alwaysdata.net\/appel\/category\/education\/\">\u00c9ducation<\/a><\/strong>\n<ul class=\"wsp-posts-list\">\n<li class=\"wsp-post\"><a href=\"https:\/\/alteriade-clients.alwaysdata.net\/appel\/vsi-congo\/\">Une VSI pour l\u2019autonomisation financi\u00e8re de l\u2019\u00e9cole Nelson Mandela au Congo<\/a><\/li>\n<li class=\"wsp-post\"><a href=\"https:\/\/alteriade-clients.alwaysdata.net\/appel\/cantine-scolaire-andasibe\/\">Une nouvelle cantine scolaire pour 2026<\/a><\/li>\n<li class=\"wsp-post\"><a href=\"https:\/\/alteriade-clients.alwaysdata.net\/appel\/temoignage-filleulle-vietnamiene\/\">Histoire filleule vietnamiene : Hieu Phuong<\/a><\/li>\n<li class=\"wsp-post\"><a href=\"https:\/\/alteriade-clients.alwaysdata.net\/appel\/filleul-vietnam\/\">T\u00e9moignage filleul vietnamien : Dao Duc Quang<\/a><\/li>\n<\/ul>\n<\/li>\n<li><strong class=\"wsp-category-title\">Cat\u00e9gorie\u00a0: <a href=\"https:\/\/alteriade-clients.alwaysdata.net\/appel\/category\/health\/\">Sant\u00e9<\/a><\/strong>\n<ul class=\"wsp-posts-list\">\n<li class=\"wsp-post\"><a href=\"https:\/\/alteriade-clients.alwaysdata.net\/appel\/causes-consequences-malnutrition-infantile\/\">Causes et cons\u00e9quences m\u00e9connues de la malnutrition infantile<\/a><\/li>\n<li class=\"wsp-post\"><a href=\"https:\/\/alteriade-clients.alwaysdata.net\/appel\/les-1000-jours\/\">Les 1000 jours<\/a><\/li>\n<li class=\"wsp-post\"><a href=\"https:\/\/alteriade-clients.alwaysdata.net\/appel\/eformation-cicatrisation\/\">Cicatrisation : une ann\u00e9e 2025 plac\u00e9e sous le signe de l\u2019innovation<\/a><\/li>\n<\/ul>\n<\/li>\n<li><strong class=\"wsp-category-title\">Cat\u00e9gorie\u00a0: <a href=\"https:\/\/alteriade-clients.alwaysdata.net\/appel\/category\/uncategorized\/\">Uncategorized<\/a><\/strong>\n<ul class=\"wsp-posts-list\">\n<li class=\"wsp-post\"><a href=\"https:\/\/alteriade-clients.alwaysdata.net\/appel\/methode-nutricartes-fondements\/\">Les fondements de la m\u00e9thode Nutricartes<\/a><\/li>\n<\/ul>\n<\/li>\n<\/ul>\n<h2 class=\"wsp-projects-title\">Projects<\/h2>\n<ul class=\"wsp-projects-list\">\n<li><a href=\"https:\/\/alteriade-clients.alwaysdata.net\/appel\/projet\/methode-nutricartes-bases-scientifiques\/\">Bases scientifiques de la m\u00e9thode Nutricartes\u00ae<\/a><\/li>\n<li><a href=\"https:\/\/alteriade-clients.alwaysdata.net\/appel\/projet\/methode-nutricartes-evaluation\/\">Evaluation de la m\u00e9thode Nutricartes\u00ae<\/a><\/li>\n<li><a href=\"https:\/\/alteriade-clients.alwaysdata.net\/appel\/projet\/methode-nutricartes-1000jours\/\">Les 1000 jours<\/a><\/li>\n<li><a href=\"https:\/\/alteriade-clients.alwaysdata.net\/appel\/projet\/outils-jeux-nutricartes\/\">L&rsquo;outil Nutricartes\u00ae et ses jeux<\/a><\/li>\n<li><a href=\"https:\/\/alteriade-clients.alwaysdata.net\/appel\/projet\/methode-nutricartes-connaissances\/\">Les connaissances de bases \u00e0 avoir pour utiliser la m\u00e9thode Nutricartes\u00ae<\/a><\/li>\n<li><a href=\"https:\/\/alteriade-clients.alwaysdata.net\/appel\/projet\/methode-nutricartes-fondements\/\">Les fondements de la m\u00e9thode Nutricartes\u00ae<\/a><\/li>\n<li><a href=\"https:\/\/alteriade-clients.alwaysdata.net\/appel\/projet\/methode-nutricartes-developpement\/\">Le d\u00e9veloppement de la m\u00e9thode Nutricartes\u00ae<\/a><\/li>\n<li><a href=\"https:\/\/alteriade-clients.alwaysdata.net\/appel\/projet\/parrainage-enfant-tchad\/\">Parrainages scolaires<\/a><\/li>\n<li><a href=\"https:\/\/alteriade-clients.alwaysdata.net\/appel\/projet\/parrainage-enfants-haiti\/\">Parrainage d&rsquo;enfants isol\u00e9s<\/a><\/li>\n<li><a href=\"https:\/\/alteriade-clients.alwaysdata.net\/appel\/projet\/centre-hebergement-casa-hogar\/\">Centre d&rsquo;h\u00e9bergement pour adolescents<\/a><\/li>\n<li><a href=\"https:\/\/alteriade-clients.alwaysdata.net\/appel\/projet\/ateliers-professionnels-qosqo-maki\/\">Ateliers professionnels pour les enfants des rues<\/a><\/li>\n<li><a href=\"https:\/\/alteriade-clients.alwaysdata.net\/appel\/projet\/eformation-plaies-cicatrisation\/\">E-formation plaies et cicatrisation<\/a><\/li>\n<li><a href=\"https:\/\/alteriade-clients.alwaysdata.net\/appel\/projet\/microcredit-solidaire-abp\/\">Microcr\u00e9dits pour financer des micro-projets<\/a><\/li>\n<li><a href=\"https:\/\/alteriade-clients.alwaysdata.net\/appel\/projet\/nutrition-infantile-crenam\/\">Centres de r\u00e9cup\u00e9ration pour la nutrition infantile<\/a><\/li>\n<li><a href=\"https:\/\/alteriade-clients.alwaysdata.net\/appel\/projet\/formation-enseignants-congo\/\">Formation des enseignants<\/a><\/li>\n<li><a href=\"https:\/\/alteriade-clients.alwaysdata.net\/appel\/projet\/parrainage-enfants-congo\/\">Parrainage d&rsquo;une \u00e9cole associative<\/a><\/li>\n<li><a href=\"https:\/\/alteriade-clients.alwaysdata.net\/appel\/projet\/parrainages-enfants\/\">Les parrainages \u00e0 L&rsquo;Appel<\/a><\/li>\n<li><a href=\"https:\/\/alteriade-clients.alwaysdata.net\/appel\/projet\/parrainage-enfants-rwanda\/\">Parrainage d&rsquo;enfants au Rwanda<\/a><\/li>\n<li><a href=\"https:\/\/alteriade-clients.alwaysdata.net\/appel\/projet\/parrainage-enfants-burkina-faso\/\">Parrainage d&rsquo;enfants orphelins<\/a><\/li>\n<li><a href=\"https:\/\/alteriade-clients.alwaysdata.net\/appel\/projet\/parrainage-enfants-salvador\/\">Parrainages et soutien scolaire<\/a><\/li>\n<li><a href=\"https:\/\/alteriade-clients.alwaysdata.net\/appel\/projet\/scolarisation-enfants-sourds-togo\/\">Scolarisation d&rsquo;enfants sourds<\/a><\/li>\n<li><a href=\"https:\/\/alteriade-clients.alwaysdata.net\/appel\/projet\/parrainage-enfants-vietnam\/\">Parrainages du jardin d&rsquo;enfants \u00e0 l&rsquo;universit\u00e9<\/a><\/li>\n<li><a href=\"https:\/\/alteriade-clients.alwaysdata.net\/appel\/projet\/soutien-aux-femmes-du-village-de-koumogo\/\">Soutien aux femmes d&rsquo;une village de brousse<\/a><\/li>\n<li><a href=\"https:\/\/alteriade-clients.alwaysdata.net\/appel\/projet\/diagnostic-surdite\/\">Diagnostic et prise en charge pr\u00e9coce de la surdit\u00e9<\/a><\/li>\n<li><a href=\"https:\/\/alteriade-clients.alwaysdata.net\/appel\/projet\/accueil-enfants-des-rues-qosqo-maki\/\">Accueil des enfants des rues<\/a><\/li>\n<li><a href=\"https:\/\/alteriade-clients.alwaysdata.net\/appel\/projet\/mano-a-mano\/\">Centre a\u00e9r\u00e9 au c\u0153ur du bidonville<\/a><\/li>\n<li><a href=\"https:\/\/alteriade-clients.alwaysdata.net\/appel\/projet\/apprentissage-natation\/\">Apprentissage de la nage<\/a><\/li>\n<li><a href=\"https:\/\/alteriade-clients.alwaysdata.net\/appel\/projet\/construction-maison-rwanda\/\">Construction et r\u00e9habilitation de maisons<\/a><\/li>\n<li><a href=\"https:\/\/alteriade-clients.alwaysdata.net\/appel\/projet\/adduction-eau-potable-rwanda\/\">Adductions d&rsquo;eau gravitaires<\/a><\/li>\n<li><a href=\"https:\/\/alteriade-clients.alwaysdata.net\/appel\/projet\/adductions-eau-madagascar\/\">Adductions d&rsquo;eau gravitaires en zone rurale<\/a><\/li>\n<li><a href=\"https:\/\/alteriade-clients.alwaysdata.net\/appel\/projet\/citernes-eau-pluviale\/\">Citernes d&rsquo;eau pluviales<\/a><\/li>\n<li><a href=\"https:\/\/alteriade-clients.alwaysdata.net\/appel\/projet\/nutricartes-prevention-malnutrition-infantile\/\">Pr\u00e9vention de la malnutrition infantile avec Nutricartes\u00ae<\/a><\/li>\n<li><a href=\"https:\/\/alteriade-clients.alwaysdata.net\/appel\/projet\/renovation-ecole-toilettes-congo\/\">Eau et toilettes pour une \u00e9cole primaire<\/a><\/li>\n<li><a href=\"https:\/\/alteriade-clients.alwaysdata.net\/appel\/projet\/prevention-maladies-balai-sante\/\">Balai Sant\u00e9\u00a9, contre les maladies<\/a><\/li>\n<li><a href=\"https:\/\/alteriade-clients.alwaysdata.net\/appel\/projet\/handicap-fanarenana\/\">Prise en charge globale du handicap<\/a><\/li>\n<li><a href=\"https:\/\/alteriade-clients.alwaysdata.net\/appel\/projet\/bibliotheque-mediatheque-rwanda\/\">Biblioth\u00e8que &#8211; m\u00e9diath\u00e8que<\/a><\/li>\n<li><a href=\"https:\/\/alteriade-clients.alwaysdata.net\/appel\/projet\/classes-demontables-karma\/\">Classes d\u00e9montables pour les enfants r\u00e9fugi\u00e9s<\/a><\/li>\n<li><a href=\"https:\/\/alteriade-clients.alwaysdata.net\/appel\/projet\/cantines-scolaires-rwanda\/\">Cantines scolaires sociales<\/a><\/li>\n<li><a href=\"https:\/\/alteriade-clients.alwaysdata.net\/appel\/projet\/construction-dune-maison-de-la-petite-enfance\/\">Maison de la petite enfance et surdit\u00e9<\/a><\/li>\n<li><a href=\"https:\/\/alteriade-clients.alwaysdata.net\/appel\/projet\/cantine-scolaire-mamre\/\">Cantine scolaire en milieu urbain<\/a><\/li>\n<li><a href=\"https:\/\/alteriade-clients.alwaysdata.net\/appel\/projet\/cantine-andolofotsy\/\">Cantine scolaire en milieu rural<\/a><\/li>\n<\/ul>\n<\/div>\n\n<p>\u00a0<\/p>\n\t\t\t\t\t\t\t\t<\/div>\n\t\t\t\t<\/div>\n\t\t\t\t\t<\/div>\n\t\t\t\t<\/div>\n\t\t\t\t<\/div>\n\t\t","protected":false},"excerpt":{"rendered":"<p>\u00a0<\/p>\n","protected":false},"author":1,"featured_media":0,"parent":0,"menu_order":0,"comment_status":"closed","ping_status":"closed","template":"","meta":{"_acf_changed":false,"footnotes":""},"class_list":["post-22601","page","type-page","status-publish","hentry","entry"],"acf":[],"yoast_head":"<!-- This site is optimized with the Yoast SEO plugin v26.1 - https:\/\/yoast.com\/wordpress\/plugins\/seo\/ -->\n<title>Plan du site - Association humanitaire L&#039;Appel et parrainages d&#039;enfants<\/title>\n<meta name=\"robots\" content=\"noindex, follow, max-snippet:-1, max-image-preview:large, max-video-preview:-1\" \/>\n<meta property=\"og:locale\" content=\"fr_FR\" \/>\n<meta property=\"og:type\" content=\"article\" \/>\n<meta property=\"og:title\" content=\"Plan du site - Association humanitaire L&#039;Appel et parrainages d&#039;enfants\" \/>\n<meta property=\"og:description\" content=\"\u00a0\" \/>\n<meta property=\"og:url\" content=\"https:\/\/alteriade-clients.alwaysdata.net\/appel\/plan-du-site\/\" \/>\n<meta property=\"og:site_name\" content=\"Association humanitaire L&#039;Appel et parrainages d&#039;enfants\" \/>\n<meta property=\"article:modified_time\" content=\"2025-09-29T13:30:11+00:00\" \/>\n<meta name=\"twitter:card\" content=\"summary_large_image\" \/>\n<meta name=\"twitter:label1\" content=\"Dur\u00e9e de lecture estim\u00e9e\" \/>\n\t<meta name=\"twitter:data1\" content=\"2 minutes\" \/>\n<script type=\"application\/ld+json\" class=\"yoast-schema-graph\">{\"@context\":\"https:\/\/schema.org\",\"@graph\":[{\"@type\":\"WebPage\",\"@id\":\"https:\/\/alteriade-clients.alwaysdata.net\/appel\/plan-du-site\/\",\"url\":\"https:\/\/alteriade-clients.alwaysdata.net\/appel\/plan-du-site\/\",\"name\":\"Plan du site - Association humanitaire L&#039;Appel et parrainages d&#039;enfants\",\"isPartOf\":{\"@id\":\"https:\/\/alteriade-clients.alwaysdata.net\/appel\/#website\"},\"datePublished\":\"2025-05-20T15:01:22+00:00\",\"dateModified\":\"2025-09-29T13:30:11+00:00\",\"breadcrumb\":{\"@id\":\"https:\/\/alteriade-clients.alwaysdata.net\/appel\/plan-du-site\/#breadcrumb\"},\"inLanguage\":\"fr-FR\",\"potentialAction\":[{\"@type\":\"ReadAction\",\"target\":[\"https:\/\/alteriade-clients.alwaysdata.net\/appel\/plan-du-site\/\"]}]},{\"@type\":\"BreadcrumbList\",\"@id\":\"https:\/\/alteriade-clients.alwaysdata.net\/appel\/plan-du-site\/#breadcrumb\",\"itemListElement\":[{\"@type\":\"ListItem\",\"position\":1,\"name\":\"Accueil\",\"item\":\"https:\/\/alteriade-clients.alwaysdata.net\/appel\/\"},{\"@type\":\"ListItem\",\"position\":2,\"name\":\"Plan du site\"}]},{\"@type\":\"WebSite\",\"@id\":\"https:\/\/alteriade-clients.alwaysdata.net\/appel\/#website\",\"url\":\"https:\/\/alteriade-clients.alwaysdata.net\/appel\/\",\"name\":\"Association humanitaire l'Appel et parrainages d'enfants\",\"description\":\"Solidarit\u00e9 avec les enfants du monde\",\"publisher\":{\"@id\":\"https:\/\/alteriade-clients.alwaysdata.net\/appel\/#organization\"},\"alternateName\":\"L'Appel\",\"potentialAction\":[{\"@type\":\"SearchAction\",\"target\":{\"@type\":\"EntryPoint\",\"urlTemplate\":\"https:\/\/alteriade-clients.alwaysdata.net\/appel\/?s={search_term_string}\"},\"query-input\":{\"@type\":\"PropertyValueSpecification\",\"valueRequired\":true,\"valueName\":\"search_term_string\"}}],\"inLanguage\":\"fr-FR\"},{\"@type\":\"Organization\",\"@id\":\"https:\/\/alteriade-clients.alwaysdata.net\/appel\/#organization\",\"name\":\"Association humanitaire L'Appel et parrainages d'enfants\",\"url\":\"https:\/\/alteriade-clients.alwaysdata.net\/appel\/\",\"logo\":{\"@type\":\"ImageObject\",\"inLanguage\":\"fr-FR\",\"@id\":\"https:\/\/alteriade-clients.alwaysdata.net\/appel\/#\/schema\/logo\/image\/\",\"url\":\"https:\/\/alteriade-clients.alwaysdata.net\/appel\/wp-content\/uploads\/2020\/09\/Logo-web.png\",\"contentUrl\":\"https:\/\/alteriade-clients.alwaysdata.net\/appel\/wp-content\/uploads\/2020\/09\/Logo-web.png\",\"width\":1834,\"height\":1333,\"caption\":\"Association humanitaire L'Appel et parrainages d'enfants\"},\"image\":{\"@id\":\"https:\/\/alteriade-clients.alwaysdata.net\/appel\/#\/schema\/logo\/image\/\"}}]}<\/script>\n<!-- \/ Yoast SEO plugin. -->","yoast_head_json":{"title":"Plan du site - Association humanitaire L&#039;Appel et parrainages d&#039;enfants","robots":{"index":"noindex","follow":"follow","max-snippet":"max-snippet:-1","max-image-preview":"max-image-preview:large","max-video-preview":"max-video-preview:-1"},"og_locale":"fr_FR","og_type":"article","og_title":"Plan du site - Association humanitaire L&#039;Appel et parrainages d&#039;enfants","og_description":"\u00a0","og_url":"https:\/\/alteriade-clients.alwaysdata.net\/appel\/plan-du-site\/","og_site_name":"Association humanitaire L&#039;Appel et parrainages d&#039;enfants","article_modified_time":"2025-09-29T13:30:11+00:00","twitter_card":"summary_large_image","twitter_misc":{"Dur\u00e9e de lecture estim\u00e9e":"2 minutes"},"schema":{"@context":"https:\/\/schema.org","@graph":[{"@type":"WebPage","@id":"https:\/\/alteriade-clients.alwaysdata.net\/appel\/plan-du-site\/","url":"https:\/\/alteriade-clients.alwaysdata.net\/appel\/plan-du-site\/","name":"Plan du site - Association humanitaire L&#039;Appel et parrainages d&#039;enfants","isPartOf":{"@id":"https:\/\/alteriade-clients.alwaysdata.net\/appel\/#website"},"datePublished":"2025-05-20T15:01:22+00:00","dateModified":"2025-09-29T13:30:11+00:00","breadcrumb":{"@id":"https:\/\/alteriade-clients.alwaysdata.net\/appel\/plan-du-site\/#breadcrumb"},"inLanguage":"fr-FR","potentialAction":[{"@type":"ReadAction","target":["https:\/\/alteriade-clients.alwaysdata.net\/appel\/plan-du-site\/"]}]},{"@type":"BreadcrumbList","@id":"https:\/\/alteriade-clients.alwaysdata.net\/appel\/plan-du-site\/#breadcrumb","itemListElement":[{"@type":"ListItem","position":1,"name":"Accueil","item":"https:\/\/alteriade-clients.alwaysdata.net\/appel\/"},{"@type":"ListItem","position":2,"name":"Plan du site"}]},{"@type":"WebSite","@id":"https:\/\/alteriade-clients.alwaysdata.net\/appel\/#website","url":"https:\/\/alteriade-clients.alwaysdata.net\/appel\/","name":"Association humanitaire l'Appel et parrainages d'enfants","description":"Solidarit\u00e9 avec les enfants du monde","publisher":{"@id":"https:\/\/alteriade-clients.alwaysdata.net\/appel\/#organization"},"alternateName":"L'Appel","potentialAction":[{"@type":"SearchAction","target":{"@type":"EntryPoint","urlTemplate":"https:\/\/alteriade-clients.alwaysdata.net\/appel\/?s={search_term_string}"},"query-input":{"@type":"PropertyValueSpecification","valueRequired":true,"valueName":"search_term_string"}}],"inLanguage":"fr-FR"},{"@type":"Organization","@id":"https:\/\/alteriade-clients.alwaysdata.net\/appel\/#organization","name":"Association humanitaire L'Appel et parrainages d'enfants","url":"https:\/\/alteriade-clients.alwaysdata.net\/appel\/","logo":{"@type":"ImageObject","inLanguage":"fr-FR","@id":"https:\/\/alteriade-clients.alwaysdata.net\/appel\/#\/schema\/logo\/image\/","url":"https:\/\/alteriade-clients.alwaysdata.net\/appel\/wp-content\/uploads\/2020\/09\/Logo-web.png","contentUrl":"https:\/\/alteriade-clients.alwaysdata.net\/appel\/wp-content\/uploads\/2020\/09\/Logo-web.png","width":1834,"height":1333,"caption":"Association humanitaire L'Appel et parrainages d'enfants"},"image":{"@id":"https:\/\/alteriade-clients.alwaysdata.net\/appel\/#\/schema\/logo\/image\/"}}]}},"_links":{"self":[{"href":"https:\/\/alteriade-clients.alwaysdata.net\/appel\/wp-json\/wp\/v2\/pages\/22601","targetHints":{"allow":["GET"]}}],"collection":[{"href":"https:\/\/alteriade-clients.alwaysdata.net\/appel\/wp-json\/wp\/v2\/pages"}],"about":[{"href":"https:\/\/alteriade-clients.alwaysdata.net\/appel\/wp-json\/wp\/v2\/types\/page"}],"author":[{"embeddable":true,"href":"https:\/\/alteriade-clients.alwaysdata.net\/appel\/wp-json\/wp\/v2\/users\/1"}],"replies":[{"embeddable":true,"href":"https:\/\/alteriade-clients.alwaysdata.net\/appel\/wp-json\/wp\/v2\/comments?post=22601"}],"version-history":[{"count":5,"href":"https:\/\/alteriade-clients.alwaysdata.net\/appel\/wp-json\/wp\/v2\/pages\/22601\/revisions"}],"predecessor-version":[{"id":32753,"href":"https:\/\/alteriade-clients.alwaysdata.net\/appel\/wp-json\/wp\/v2\/pages\/22601\/revisions\/32753"}],"wp:attachment":[{"href":"https:\/\/alteriade-clients.alwaysdata.net\/appel\/wp-json\/wp\/v2\/media?parent=22601"}],"curies":[{"name":"wp","href":"https:\/\/api.w.org\/{rel}","templated":true}]}}